{"id":20,"date":"2016-09-07T23:49:50","date_gmt":"2016-09-07T21:49:50","guid":{"rendered":"http:\/\/vitaroma.ba\/hr\/?page_id=20"},"modified":"2018-07-03T13:11:14","modified_gmt":"2018-07-03T11:11:14","slug":"destilerija","status":"publish","type":"page","link":"http:\/\/vitaroma.ba\/hr\/destilerija\/","title":{"rendered":"Destilerija"},"content":{"rendered":"<p>Neposredno uz na\u0161e planta\u017ee smje\u0161tena je i destilerija gdje vr\u0161imo destilaciju ljekovitog bilja vodenom parom. Destilerija je moderno opremljena, kapaciteta 2\u00d71500L, gdje mo\u017eemo dnevno preraditi i do 10 tona.<\/p>\n<p><img loading=\"lazy\" class=\"alignnone size-full wp-image-21\" src=\"http:\/\/vitaroma.ba\/hr\/wp-content\/uploads\/sites\/2\/2018\/06\/destilerija1.jpg\" alt=\"_d713045\" width=\"1200\" height=\"800\" \/><\/p>\n<p><img loading=\"lazy\" class=\"alignnone size-full wp-image-21\" src=\"http:\/\/vitaroma.ba\/hr\/wp-content\/uploads\/sites\/2\/2018\/06\/destilerija2.jpg\" alt=\"_d713045\" width=\"1200\" height=\"800\" \/><\/p>\n<p><img loading=\"lazy\" class=\"alignnone size-full wp-image-21\" src=\"http:\/\/vitaroma.ba\/hr\/wp-content\/uploads\/sites\/2\/2018\/06\/destilerija3.jpg\" alt=\"_d713045\" width=\"1200\" height=\"800\" \/><\/p>\n<p><img loading=\"lazy\" class=\"alignnone size-full wp-image-21\" src=\"http:\/\/vitaroma.ba\/hr\/wp-content\/uploads\/sites\/2\/2018\/07\/destilerija8.jpg\" alt=\"_d713045\" width=\"1200\" height=\"800\" \/><\/p>\n<p><img loading=\"lazy\" class=\"alignnone size-full wp-image-21\" src=\"http:\/\/vitaroma.ba\/hr\/wp-content\/uploads\/sites\/2\/2018\/07\/destilerija10.jpg\" alt=\"_d713045\" width=\"1200\" height=\"800\" \/><\/p>\n<p><img loading=\"lazy\" class=\"alignnone size-full wp-image-21\" src=\"http:\/\/vitaroma.ba\/hr\/wp-content\/uploads\/sites\/2\/2018\/06\/destilerija5.jpg\" alt=\"_d713045\" width=\"1200\" height=\"800\" \/><\/p>\n<p><img loading=\"lazy\" class=\"alignnone size-full wp-image-21\" src=\"http:\/\/vitaroma.ba\/hr\/wp-content\/uploads\/sites\/2\/2018\/06\/destilerija6.jpg\" alt=\"_d713045\" width=\"1200\" height=\"800\" \/><\/p>\n<p><img loading=\"lazy\" class=\"alignnone size-full wp-image-21\" src=\"http:\/\/vitaroma.ba\/hr\/wp-content\/uploads\/sites\/2\/2018\/06\/destilerija7.jpg\" alt=\"_d713045\" width=\"1200\" height=\"800\" \/><\/p>\n","protected":false},"excerpt":{"rendered":"<p>Neposredno uz na\u0161e planta\u017ee smje\u0161tena je i destilerija gdje vr\u0161imo destilaciju ljekovitog bilja vodenom parom. Destilerija je moderno opremljena, kapaciteta 2\u00d71500L, gdje mo\u017eemo dnevno preraditi i do 10 tona.<\/p>\n","protected":false},"author":1,"featured_media":0,"parent":0,"menu_order":0,"comment_status":"closed","ping_status":"closed","template":"template-fullwidth.php","meta":[],"_links":{"self":[{"href":"http:\/\/vitaroma.ba\/hr\/wp-json\/wp\/v2\/pages\/20"}],"collection":[{"href":"http:\/\/vitaroma.ba\/hr\/wp-json\/wp\/v2\/pages"}],"about":[{"href":"http:\/\/vitaroma.ba\/hr\/wp-json\/wp\/v2\/types\/page"}],"author":[{"embeddable":true,"href":"http:\/\/vitaroma.ba\/hr\/wp-json\/wp\/v2\/users\/1"}],"replies":[{"embeddable":true,"href":"http:\/\/vitaroma.ba\/hr\/wp-json\/wp\/v2\/comments?post=20"}],"version-history":[{"count":4,"href":"http:\/\/vitaroma.ba\/hr\/wp-json\/wp\/v2\/pages\/20\/revisions"}],"predecessor-version":[{"id":136,"href":"http:\/\/vitaroma.ba\/hr\/wp-json\/wp\/v2\/pages\/20\/revisions\/136"}],"wp:attachment":[{"href":"http:\/\/vitaroma.ba\/hr\/wp-json\/wp\/v2\/media?parent=20"}],"curies":[{"name":"wp","href":"https:\/\/api.w.org\/{rel}","templated":true}]}}